{"id":19292,"date":"2026-03-17T12:20:37","date_gmt":"2026-03-17T10:20:37","guid":{"rendered":"https:\/\/papamigliore.it\/stay\/?page_id=19292"},"modified":"2026-03-17T12:26:18","modified_gmt":"2026-03-17T10:26:18","slug":"reisen-mit-kindern","status":"publish","type":"page","link":"https:\/\/papamigliore.it\/stay\/reisen-mit-kindern\/","title":{"rendered":"Reisen mit Kindern"},"content":{"rendered":"\t\t<div data-elementor-type=\"wp-page\" data-elementor-id=\"19292\" class=\"elementor elementor-19292\" data-elementor-post-type=\"page\">\n\t\t\t\t<div class=\"elementor-element elementor-element-8e9b559 e-flex e-con-boxed e-con e-parent\" data-id=\"8e9b559\" data-element_type=\"container\" data-e-type=\"container\">\n\t\t\t\t\t<div class=\"e-con-inner\">\n\t\t\t\t<div class=\"elementor-element elementor-element-9424d05 elementor-widget elementor-widget-heading\" data-id=\"9424d05\" data-element_type=\"widget\" data-e-type=\"widget\" data-widget_type=\"heading.default\">\n\t\t\t\t<div class=\"elementor-widget-container\">\n\t\t\t\t\t<h2 class=\"elementor-heading-title elementor-size-default\">Reisen mit Kindern: Zwischen Chaos, Gl\u00fcck und unvergesslichen Momenten<\/h2>\t\t\t\t<\/div>\n\t\t\t\t<\/div>\n\t\t\t\t<div class=\"elementor-element elementor-element-b118e38 elementor-widget elementor-widget-text-editor\" data-id=\"b118e38\" data-element_type=\"widget\" data-e-type=\"widget\" data-widget_type=\"text-editor.default\">\n\t\t\t\t<div class=\"elementor-widget-container\">\n\t\t\t\t\t\t\t\t\t<p class=\"isSelectedEnd\">Fr\u00fcher war Reisen f\u00fcr mich vor allem eines: spontan, leicht und ein bisschen planlos. Einfach Rucksack packen, losziehen und schauen, was passiert. Seit ich mit Kindern reise, hat sich das komplett ver\u00e4ndert \u2013 und gleichzeitig ist es auf eine ganz eigene Art noch viel sch\u00f6ner geworden.<\/p><p>Ja, Reisen mit Kindern ist anders. Oft chaotischer, manchmal anstrengender und definitiv weniger spontan. Aber es ist auch intensiver, ehrlicher und voller kleiner Momente, die man so sonst vielleicht nie erleben w\u00fcrde.<\/p>\t\t\t\t\t\t\t\t<\/div>\n\t\t\t\t<\/div>\n\t\t\t\t\t<\/div>\n\t\t\t\t<\/div>\n\t\t<div class=\"elementor-element elementor-element-784a9e4 e-flex e-con-boxed e-con e-parent\" data-id=\"784a9e4\" data-element_type=\"container\" data-e-type=\"container\">\n\t\t\t\t\t<div class=\"e-con-inner\">\n\t\t\t\t<div class=\"elementor-element elementor-element-af326c8 elementor-widget elementor-widget-heading\" data-id=\"af326c8\" data-element_type=\"widget\" data-e-type=\"widget\" data-widget_type=\"heading.default\">\n\t\t\t\t<div class=\"elementor-widget-container\">\n\t\t\t\t\t<h3 class=\"elementor-heading-title elementor-size-default\">Planung ist pl\u00f6tzlich alles<\/h3>\t\t\t\t<\/div>\n\t\t\t\t<\/div>\n\t\t\t\t<div class=\"elementor-element elementor-element-8fd137e elementor-widget elementor-widget-text-editor\" data-id=\"8fd137e\" data-element_type=\"widget\" data-e-type=\"widget\" data-widget_type=\"text-editor.default\">\n\t\t\t\t<div class=\"elementor-widget-container\">\n\t\t\t\t\t\t\t\t\t<p class=\"isSelectedEnd\">W\u00e4hrend ich fr\u00fcher oft einfach drauflos gebucht habe, plane ich heute deutlich mehr. Nicht bis ins kleinste Detail, aber genug, um mir selbst Stress zu ersparen. Kinder haben ihre eigenen Bed\u00fcrfnisse \u2013 regelm\u00e4\u00dfige Mahlzeiten, Pausen, Schlafenszeiten. Wenn man das ignoriert, wird aus dem Traumurlaub schnell ein anstrengender Marathon.<\/p><p>Ich habe gelernt: Lieber weniger Programmpunkte, daf\u00fcr entspannter unterwegs sein. Ein gut geplanter Tag mit genug Pausen ist am Ende f\u00fcr alle sch\u00f6ner.<\/p>\t\t\t\t\t\t\t\t<\/div>\n\t\t\t\t<\/div>\n\t\t\t\t\t<\/div>\n\t\t\t\t<\/div>\n\t\t<div class=\"elementor-element elementor-element-0d00afd e-flex e-con-boxed e-con e-parent\" data-id=\"0d00afd\" data-element_type=\"container\" data-e-type=\"container\">\n\t\t\t\t\t<div class=\"e-con-inner\">\n\t\t\t\t<div class=\"elementor-element elementor-element-bed145f elementor-widget elementor-widget-heading\" data-id=\"bed145f\" data-element_type=\"widget\" data-e-type=\"widget\" data-widget_type=\"heading.default\">\n\t\t\t\t<div class=\"elementor-widget-container\">\n\t\t\t\t\t<h3 class=\"elementor-heading-title elementor-size-default\">Weniger Sehensw\u00fcrdigkeiten, mehr Erlebnisse<\/h3>\t\t\t\t<\/div>\n\t\t\t\t<\/div>\n\t\t\t\t<div class=\"elementor-element elementor-element-3c9dd54 elementor-widget elementor-widget-text-editor\" data-id=\"3c9dd54\" data-element_type=\"widget\" data-e-type=\"widget\" data-widget_type=\"text-editor.default\">\n\t\t\t\t<div class=\"elementor-widget-container\">\n\t\t\t\t\t\t\t\t\t<p class=\"isSelectedEnd\">Was mich am meisten \u00fcberrascht hat: Kinder interessieren sich selten f\u00fcr das, was auf klassischen \u201eMust-see\u201c-Listen steht. Stattdessen sind es die kleinen Dinge, die z\u00e4hlen. Ein Spielplatz mit Blick auf die Berge, ein Eis in einer fremden Stadt oder das Beobachten von Stra\u00dfenk\u00fcnstlern.<\/p><p>Ich habe angefangen, meine Erwartungen anzupassen. Es geht nicht mehr darum, m\u00f6glichst viel zu sehen \u2013 sondern darum, gemeinsam etwas zu erleben.<\/p>\t\t\t\t\t\t\t\t<\/div>\n\t\t\t\t<\/div>\n\t\t\t\t\t<\/div>\n\t\t\t\t<\/div>\n\t\t<div class=\"elementor-element elementor-element-b01063f e-flex e-con-boxed e-con e-parent\" data-id=\"b01063f\" data-element_type=\"container\" data-e-type=\"container\">\n\t\t\t\t\t<div class=\"e-con-inner\">\n\t\t\t\t<div class=\"elementor-element elementor-element-8690847 elementor-widget elementor-widget-image\" data-id=\"8690847\" data-element_type=\"widget\" data-e-type=\"widget\" data-widget_type=\"image.default\">\n\t\t\t\t<div class=\"elementor-widget-container\">\n\t\t\t\t\t\t\t\t\t\t\t\t\t\t\t<img fetchpriority=\"high\" decoding=\"async\" width=\"1024\" height=\"683\" src=\"https:\/\/papamigliore.it\/stay\/wp-content\/uploads\/2026\/03\/travel-with-kids-2-1024x683.jpg\" class=\"attachment-large size-large wp-image-19296\" alt=\"travel with kids 2\" srcset=\"https:\/\/papamigliore.it\/stay\/wp-content\/uploads\/2026\/03\/travel-with-kids-2-1024x683.jpg 1024w, https:\/\/papamigliore.it\/stay\/wp-content\/uploads\/2026\/03\/travel-with-kids-2-300x200.jpg 300w, https:\/\/papamigliore.it\/stay\/wp-content\/uploads\/2026\/03\/travel-with-kids-2-768x512.jpg 768w, https:\/\/papamigliore.it\/stay\/wp-content\/uploads\/2026\/03\/travel-with-kids-2-1536x1024.jpg 1536w, https:\/\/papamigliore.it\/stay\/wp-content\/uploads\/2026\/03\/travel-with-kids-2-2048x1365.jpg 2048w\" sizes=\"(max-width: 1024px) 100vw, 1024px\" \/>\t\t\t\t\t\t\t\t\t\t\t\t\t\t\t<\/div>\n\t\t\t\t<\/div>\n\t\t\t\t\t<\/div>\n\t\t\t\t<\/div>\n\t\t<div class=\"elementor-element elementor-element-94f0f1b e-flex e-con-boxed e-con e-parent\" data-id=\"94f0f1b\" data-element_type=\"container\" data-e-type=\"container\">\n\t\t\t\t\t<div class=\"e-con-inner\">\n\t\t\t\t<div class=\"elementor-element elementor-element-375ccd9 elementor-widget elementor-widget-heading\" data-id=\"375ccd9\" data-element_type=\"widget\" data-e-type=\"widget\" data-widget_type=\"heading.default\">\n\t\t\t\t<div class=\"elementor-widget-container\">\n\t\t\t\t\t<h3 class=\"elementor-heading-title elementor-size-default\">Geduld wird zur wichtigsten Reisebegleiterin<\/h3>\t\t\t\t<\/div>\n\t\t\t\t<\/div>\n\t\t\t\t<div class=\"elementor-element elementor-element-bb93fc2 elementor-widget elementor-widget-text-editor\" data-id=\"bb93fc2\" data-element_type=\"widget\" data-e-type=\"widget\" data-widget_type=\"text-editor.default\">\n\t\t\t\t<div class=\"elementor-widget-container\">\n\t\t\t\t\t\t\t\t\t<p class=\"isSelectedEnd\">Reisen mit Kindern bedeutet auch: Dinge dauern l\u00e4nger. Viel l\u00e4nger. Ob beim Anziehen, beim Essen oder beim Losgehen \u2013 alles hat sein eigenes Tempo.<\/p><p>Fr\u00fcher hat mich das manchmal genervt, heute versuche ich, es anzunehmen. Denn genau in diesen langsamen Momenten entstehen oft die sch\u00f6nsten Erinnerungen.<\/p>\t\t\t\t\t\t\t\t<\/div>\n\t\t\t\t<\/div>\n\t\t\t\t\t<\/div>\n\t\t\t\t<\/div>\n\t\t<div class=\"elementor-element elementor-element-8671b8a e-flex e-con-boxed e-con e-parent\" data-id=\"8671b8a\" data-element_type=\"container\" data-e-type=\"container\">\n\t\t\t\t\t<div class=\"e-con-inner\">\n\t\t\t\t<div class=\"elementor-element elementor-element-640e38a elementor-widget elementor-widget-heading\" data-id=\"640e38a\" data-element_type=\"widget\" data-e-type=\"widget\" data-widget_type=\"heading.default\">\n\t\t\t\t<div class=\"elementor-widget-container\">\n\t\t\t\t\t<h3 class=\"elementor-heading-title elementor-size-default\">Packen mit System (und ein bisschen Gelassenheit)<\/h3>\t\t\t\t<\/div>\n\t\t\t\t<\/div>\n\t\t\t\t<div class=\"elementor-element elementor-element-0fc25d7 elementor-widget elementor-widget-text-editor\" data-id=\"0fc25d7\" data-element_type=\"widget\" data-e-type=\"widget\" data-widget_type=\"text-editor.default\">\n\t\t\t\t<div class=\"elementor-widget-container\">\n\t\t\t\t\t\t\t\t\t<p class=\"isSelectedEnd\">Mit Kindern zu reisen hei\u00dft automatisch: mehr Gep\u00e4ck. Wechselkleidung, Snacks, Spielzeug, vielleicht das Lieblingskuscheltier \u2013 die Liste ist lang.<\/p><p class=\"isSelectedEnd\">Was mir hilft:<\/p><ul data-spread=\"false\"><li><p class=\"isSelectedEnd\">Nur das N\u00f6tigste einpacken, aber die wirklich wichtigen Dinge doppelt denken (z. B. Kleidung)<\/p><\/li><li><p class=\"isSelectedEnd\">Immer Snacks griffbereit haben<\/p><\/li><li><p class=\"isSelectedEnd\">Kleine \u00dcberraschungen f\u00fcr unterwegs einplanen (gerade bei l\u00e4ngeren Fahrten ein echter Lebensretter)<\/p><\/li><\/ul><p>Und trotzdem gilt: Man kann nicht alles planen. Ein bisschen Improvisation geh\u00f6rt immer dazu.<\/p>\t\t\t\t\t\t\t\t<\/div>\n\t\t\t\t<\/div>\n\t\t\t\t\t<\/div>\n\t\t\t\t<\/div>\n\t\t<div class=\"elementor-element elementor-element-b4c8916 e-flex e-con-boxed e-con e-parent\" data-id=\"b4c8916\" data-element_type=\"container\" data-e-type=\"container\">\n\t\t\t\t\t<div class=\"e-con-inner\">\n\t\t\t\t<div class=\"elementor-element elementor-element-579c416 elementor-widget elementor-widget-heading\" data-id=\"579c416\" data-element_type=\"widget\" data-e-type=\"widget\" data-widget_type=\"heading.default\">\n\t\t\t\t<div class=\"elementor-widget-container\">\n\t\t\t\t\t<h3 class=\"elementor-heading-title elementor-size-default\">Flexibilit\u00e4t schl\u00e4gt Perfektion<\/h3>\t\t\t\t<\/div>\n\t\t\t\t<\/div>\n\t\t\t\t<div class=\"elementor-element elementor-element-6f97de7 elementor-widget elementor-widget-text-editor\" data-id=\"6f97de7\" data-element_type=\"widget\" data-e-type=\"widget\" data-widget_type=\"text-editor.default\">\n\t\t\t\t<div class=\"elementor-widget-container\">\n\t\t\t\t\t\t\t\t\t<p class=\"isSelectedEnd\">Einer der wichtigsten Punkte, den ich lernen musste: Pl\u00e4ne d\u00fcrfen sich \u00e4ndern. Und das werden sie auch.<\/p><p>Ein Museum f\u00e4llt aus, weil die Stimmung kippt. Der geplante Ausflug wird durch einen spontanen Badestopp ersetzt. Fr\u00fcher h\u00e4tte mich das gestresst \u2013 heute sehe ich genau darin oft die sch\u00f6nsten Momente.<\/p>\t\t\t\t\t\t\t\t<\/div>\n\t\t\t\t<\/div>\n\t\t\t\t\t<\/div>\n\t\t\t\t<\/div>\n\t\t<div class=\"elementor-element elementor-element-8dd837c e-flex e-con-boxed e-con e-parent\" data-id=\"8dd837c\" data-element_type=\"container\" data-e-type=\"container\">\n\t\t\t\t\t<div class=\"e-con-inner\">\n\t\t\t\t<div class=\"elementor-element elementor-element-8745759 elementor-widget elementor-widget-heading\" data-id=\"8745759\" data-element_type=\"widget\" data-e-type=\"widget\" data-widget_type=\"heading.default\">\n\t\t\t\t<div class=\"elementor-widget-container\">\n\t\t\t\t\t<h3 class=\"elementor-heading-title elementor-size-default\">Die Welt durch Kinderaugen sehen<\/h3>\t\t\t\t<\/div>\n\t\t\t\t<\/div>\n\t\t\t\t<div class=\"elementor-element elementor-element-e0cdff0 elementor-widget elementor-widget-text-editor\" data-id=\"e0cdff0\" data-element_type=\"widget\" data-e-type=\"widget\" data-widget_type=\"text-editor.default\">\n\t\t\t\t<div class=\"elementor-widget-container\">\n\t\t\t\t\t\t\t\t\t<p class=\"isSelectedEnd\">Was ich am Reisen mit Kindern am meisten liebe: den Perspektivwechsel. Dinge, die f\u00fcr mich selbstverst\u00e4ndlich sind, werden pl\u00f6tzlich wieder besonders.<\/p><p>Ein Flugzeugstart wird zum Abenteuer. Ein einfacher Strandtag zum Highlight. Und ein Regentag kann genauso spannend sein wie Sonnenschein \u2013 wenn man ihn richtig nutzt.<\/p>\t\t\t\t\t\t\t\t<\/div>\n\t\t\t\t<\/div>\n\t\t\t\t\t<\/div>\n\t\t\t\t<\/div>\n\t\t<div class=\"elementor-element elementor-element-75ef19d e-flex e-con-boxed e-con e-parent\" data-id=\"75ef19d\" data-element_type=\"container\" data-e-type=\"container\">\n\t\t\t\t\t<div class=\"e-con-inner\">\n\t\t\t\t<div class=\"elementor-element elementor-element-83b7b9a elementor-widget elementor-widget-heading\" data-id=\"83b7b9a\" data-element_type=\"widget\" data-e-type=\"widget\" data-widget_type=\"heading.default\">\n\t\t\t\t<div class=\"elementor-widget-container\">\n\t\t\t\t\t<h3 class=\"elementor-heading-title elementor-size-default\">Es muss nicht perfekt sein<\/h3>\t\t\t\t<\/div>\n\t\t\t\t<\/div>\n\t\t\t\t<div class=\"elementor-element elementor-element-1857811 elementor-widget elementor-widget-text-editor\" data-id=\"1857811\" data-element_type=\"widget\" data-e-type=\"widget\" data-widget_type=\"text-editor.default\">\n\t\t\t\t<div class=\"elementor-widget-container\">\n\t\t\t\t\t\t\t\t\t<p class=\"isSelectedEnd\">Ich glaube, das ist die wichtigste Erkenntnis: Reisen mit Kindern ist selten perfekt. Es gibt stressige Momente, kleine Krisen und Tage, an denen einfach nichts so l\u00e4uft wie geplant.<\/p><p class=\"isSelectedEnd\">Aber genau das geh\u00f6rt dazu. Und oft sind es gerade diese unperfekten Momente, die man sp\u00e4ter mit einem L\u00e4cheln in Erinnerung beh\u00e4lt.<\/p>\t\t\t\t\t\t\t\t<\/div>\n\t\t\t\t<\/div>\n\t\t\t\t\t<\/div>\n\t\t\t\t<\/div>\n\t\t<div class=\"elementor-element elementor-element-2c46567 e-flex e-con-boxed e-con e-parent\" data-id=\"2c46567\" data-element_type=\"container\" data-e-type=\"container\">\n\t\t\t\t\t<div class=\"e-con-inner\">\n\t\t\t\t<div class=\"elementor-element elementor-element-9bda550 elementor-widget elementor-widget-text-editor\" data-id=\"9bda550\" data-element_type=\"widget\" data-e-type=\"widget\" data-widget_type=\"text-editor.default\">\n\t\t\t\t<div class=\"elementor-widget-container\">\n\t\t\t\t\t\t\t\t\t<p class=\"isSelectedEnd\">Am Ende geht es beim Reisen mit Kindern nicht darum, alles richtig zu machen. Es geht darum, gemeinsam Zeit zu verbringen, Neues zu entdecken und Erinnerungen zu schaffen.<\/p><p>Und vielleicht ist genau das die sch\u00f6nste Art zu reisen.<\/p>\t\t\t\t\t\t\t\t<\/div>\n\t\t\t\t<\/div>\n\t\t\t\t\t<\/div>\n\t\t\t\t<\/div>\n\t\t\t\t<\/div>\n\t\t","protected":false},"excerpt":{"rendered":"<p>Reisen mit Kindern: Zwischen Chaos, Gl\u00fcck und unvergesslichen Momenten Fr\u00fcher war Reisen f\u00fcr mich vor allem eines: spontan, leicht und ein bisschen planlos. Einfach Rucksack packen, losziehen und schauen, was passiert. Seit ich mit Kindern reise, hat sich das komplett ver\u00e4ndert \u2013 und gleichzeitig ist es auf eine ganz eigene Art noch viel sch\u00f6ner geworden. &#8230; <a title=\"Reisen mit Kindern\" class=\"read-more\" href=\"https:\/\/papamigliore.it\/stay\/reisen-mit-kindern\/\" aria-label=\"Mehr Informationen \u00fcber Reisen mit Kindern\">Weiterlesen &#8230;<\/a><\/p>\n","protected":false},"author":1,"featured_media":19294,"parent":0,"menu_order":0,"comment_status":"closed","ping_status":"closed","template":"elementor_theme","meta":{"_acf_changed":false,"footnotes":""},"class_list":["post-19292","page","type-page","status-publish","has-post-thumbnail"],"acf":[],"yoast_head":"<!-- This site is optimized with the Yoast SEO Premium plugin v26.9 (Yoast SEO v26.9) - https:\/\/yoast.com\/product\/yoast-seo-premium-wordpress\/ -->\n<title>Reisen mit Kindern - centralstay<\/title>\n<meta name=\"robots\" content=\"index, follow, max-snippet:-1, max-image-preview:large, max-video-preview:-1\" \/>\n<link rel=\"canonical\" href=\"https:\/\/papamigliore.it\/stay\/reisen-mit-kindern\/\" \/>\n<meta property=\"og:locale\" content=\"de_DE\" \/>\n<meta property=\"og:type\" content=\"article\" \/>\n<meta property=\"og:title\" content=\"Reisen mit Kindern\" \/>\n<meta property=\"og:description\" content=\"Reisen mit Kindern: Zwischen Chaos, Gl\u00fcck und unvergesslichen Momenten Fr\u00fcher war Reisen f\u00fcr mich vor allem eines: spontan, leicht und ein bisschen planlos. Einfach Rucksack packen, losziehen und schauen, was passiert. Seit ich mit Kindern reise, hat sich das komplett ver\u00e4ndert \u2013 und gleichzeitig ist es auf eine ganz eigene Art noch viel sch\u00f6ner geworden. ... Weiterlesen ...\" \/>\n<meta property=\"og:url\" content=\"https:\/\/papamigliore.it\/stay\/reisen-mit-kindern\/\" \/>\n<meta property=\"og:site_name\" content=\"centralstay\" \/>\n<meta property=\"article:modified_time\" content=\"2026-03-17T10:26:18+00:00\" \/>\n<meta property=\"og:image\" content=\"https:\/\/papamigliore.it\/stay\/wp-content\/uploads\/2026\/03\/TRAVEL-WITH-KIDS-CENTRAL.png\" \/>\n\t<meta property=\"og:image:width\" content=\"400\" \/>\n\t<meta property=\"og:image:height\" content=\"400\" \/>\n\t<meta property=\"og:image:type\" content=\"image\/png\" \/>\n<meta name=\"twitter:card\" content=\"summary_large_image\" \/>\n<meta name=\"twitter:label1\" content=\"Gesch\u00e4tzte Lesezeit\" \/>\n\t<meta name=\"twitter:data1\" content=\"4\u00a0Minuten\" \/>\n<script type=\"application\/ld+json\" class=\"yoast-schema-graph\">{\"@context\":\"https:\/\/schema.org\",\"@graph\":[{\"@type\":\"WebPage\",\"@id\":\"https:\/\/papamigliore.it\/stay\/reisen-mit-kindern\/\",\"url\":\"https:\/\/papamigliore.it\/stay\/reisen-mit-kindern\/\",\"name\":\"Reisen mit Kindern - centralstay\",\"isPartOf\":{\"@id\":\"https:\/\/papamigliore.it\/stay\/#website\"},\"primaryImageOfPage\":{\"@id\":\"https:\/\/papamigliore.it\/stay\/reisen-mit-kindern\/#primaryimage\"},\"image\":{\"@id\":\"https:\/\/papamigliore.it\/stay\/reisen-mit-kindern\/#primaryimage\"},\"thumbnailUrl\":\"https:\/\/papamigliore.it\/stay\/wp-content\/uploads\/2026\/03\/TRAVEL-WITH-KIDS-CENTRAL.png\",\"datePublished\":\"2026-03-17T10:20:37+00:00\",\"dateModified\":\"2026-03-17T10:26:18+00:00\",\"breadcrumb\":{\"@id\":\"https:\/\/papamigliore.it\/stay\/reisen-mit-kindern\/#breadcrumb\"},\"inLanguage\":\"de\",\"potentialAction\":[{\"@type\":\"ReadAction\",\"target\":[\"https:\/\/papamigliore.it\/stay\/reisen-mit-kindern\/\"]}]},{\"@type\":\"ImageObject\",\"inLanguage\":\"de\",\"@id\":\"https:\/\/papamigliore.it\/stay\/reisen-mit-kindern\/#primaryimage\",\"url\":\"https:\/\/papamigliore.it\/stay\/wp-content\/uploads\/2026\/03\/TRAVEL-WITH-KIDS-CENTRAL.png\",\"contentUrl\":\"https:\/\/papamigliore.it\/stay\/wp-content\/uploads\/2026\/03\/TRAVEL-WITH-KIDS-CENTRAL.png\",\"width\":400,\"height\":400,\"caption\":\"TRAVEL WITH KIDS CENTRAL\"},{\"@type\":\"BreadcrumbList\",\"@id\":\"https:\/\/papamigliore.it\/stay\/reisen-mit-kindern\/#breadcrumb\",\"itemListElement\":[{\"@type\":\"ListItem\",\"position\":1,\"name\":\"Startseite\",\"item\":\"https:\/\/papamigliore.it\/stay\/\"},{\"@type\":\"ListItem\",\"position\":2,\"name\":\"Reisen mit Kindern\"}]},{\"@type\":\"WebSite\",\"@id\":\"https:\/\/papamigliore.it\/stay\/#website\",\"url\":\"https:\/\/papamigliore.it\/stay\/\",\"name\":\"centralstay\",\"description\":\"aktuelle Hotelinformationen\",\"publisher\":{\"@id\":\"https:\/\/papamigliore.it\/stay\/#organization\"},\"potentialAction\":[{\"@type\":\"SearchAction\",\"target\":{\"@type\":\"EntryPoint\",\"urlTemplate\":\"https:\/\/papamigliore.it\/stay\/?s={search_term_string}\"},\"query-input\":{\"@type\":\"PropertyValueSpecification\",\"valueRequired\":true,\"valueName\":\"search_term_string\"}}],\"inLanguage\":\"de\"},{\"@type\":\"Organization\",\"@id\":\"https:\/\/papamigliore.it\/stay\/#organization\",\"name\":\"centralstay\",\"url\":\"https:\/\/papamigliore.it\/stay\/\",\"logo\":{\"@type\":\"ImageObject\",\"inLanguage\":\"de\",\"@id\":\"https:\/\/papamigliore.it\/stay\/#\/schema\/logo\/image\/\",\"url\":\"https:\/\/papamigliore.it\/stay\/wp-content\/uploads\/2025\/04\/centralstay-logo-small.svg\",\"contentUrl\":\"https:\/\/papamigliore.it\/stay\/wp-content\/uploads\/2025\/04\/centralstay-logo-small.svg\",\"width\":77,\"height\":15,\"caption\":\"centralstay\"},\"image\":{\"@id\":\"https:\/\/papamigliore.it\/stay\/#\/schema\/logo\/image\/\"}}]}<\/script>\n<!-- \/ Yoast SEO Premium plugin. -->","yoast_head_json":{"title":"Reisen mit Kindern - centralstay","robots":{"index":"index","follow":"follow","max-snippet":"max-snippet:-1","max-image-preview":"max-image-preview:large","max-video-preview":"max-video-preview:-1"},"canonical":"https:\/\/papamigliore.it\/stay\/reisen-mit-kindern\/","og_locale":"de_DE","og_type":"article","og_title":"Reisen mit Kindern","og_description":"Reisen mit Kindern: Zwischen Chaos, Gl\u00fcck und unvergesslichen Momenten Fr\u00fcher war Reisen f\u00fcr mich vor allem eines: spontan, leicht und ein bisschen planlos. Einfach Rucksack packen, losziehen und schauen, was passiert. Seit ich mit Kindern reise, hat sich das komplett ver\u00e4ndert \u2013 und gleichzeitig ist es auf eine ganz eigene Art noch viel sch\u00f6ner geworden. ... Weiterlesen ...","og_url":"https:\/\/papamigliore.it\/stay\/reisen-mit-kindern\/","og_site_name":"centralstay","article_modified_time":"2026-03-17T10:26:18+00:00","og_image":[{"width":400,"height":400,"url":"https:\/\/papamigliore.it\/stay\/wp-content\/uploads\/2026\/03\/TRAVEL-WITH-KIDS-CENTRAL.png","type":"image\/png"}],"twitter_card":"summary_large_image","twitter_misc":{"Gesch\u00e4tzte Lesezeit":"4\u00a0Minuten"},"schema":{"@context":"https:\/\/schema.org","@graph":[{"@type":"WebPage","@id":"https:\/\/papamigliore.it\/stay\/reisen-mit-kindern\/","url":"https:\/\/papamigliore.it\/stay\/reisen-mit-kindern\/","name":"Reisen mit Kindern - centralstay","isPartOf":{"@id":"https:\/\/papamigliore.it\/stay\/#website"},"primaryImageOfPage":{"@id":"https:\/\/papamigliore.it\/stay\/reisen-mit-kindern\/#primaryimage"},"image":{"@id":"https:\/\/papamigliore.it\/stay\/reisen-mit-kindern\/#primaryimage"},"thumbnailUrl":"https:\/\/papamigliore.it\/stay\/wp-content\/uploads\/2026\/03\/TRAVEL-WITH-KIDS-CENTRAL.png","datePublished":"2026-03-17T10:20:37+00:00","dateModified":"2026-03-17T10:26:18+00:00","breadcrumb":{"@id":"https:\/\/papamigliore.it\/stay\/reisen-mit-kindern\/#breadcrumb"},"inLanguage":"de","potentialAction":[{"@type":"ReadAction","target":["https:\/\/papamigliore.it\/stay\/reisen-mit-kindern\/"]}]},{"@type":"ImageObject","inLanguage":"de","@id":"https:\/\/papamigliore.it\/stay\/reisen-mit-kindern\/#primaryimage","url":"https:\/\/papamigliore.it\/stay\/wp-content\/uploads\/2026\/03\/TRAVEL-WITH-KIDS-CENTRAL.png","contentUrl":"https:\/\/papamigliore.it\/stay\/wp-content\/uploads\/2026\/03\/TRAVEL-WITH-KIDS-CENTRAL.png","width":400,"height":400,"caption":"TRAVEL WITH KIDS CENTRAL"},{"@type":"BreadcrumbList","@id":"https:\/\/papamigliore.it\/stay\/reisen-mit-kindern\/#breadcrumb","itemListElement":[{"@type":"ListItem","position":1,"name":"Startseite","item":"https:\/\/papamigliore.it\/stay\/"},{"@type":"ListItem","position":2,"name":"Reisen mit Kindern"}]},{"@type":"WebSite","@id":"https:\/\/papamigliore.it\/stay\/#website","url":"https:\/\/papamigliore.it\/stay\/","name":"centralstay","description":"aktuelle Hotelinformationen","publisher":{"@id":"https:\/\/papamigliore.it\/stay\/#organization"},"potentialAction":[{"@type":"SearchAction","target":{"@type":"EntryPoint","urlTemplate":"https:\/\/papamigliore.it\/stay\/?s={search_term_string}"},"query-input":{"@type":"PropertyValueSpecification","valueRequired":true,"valueName":"search_term_string"}}],"inLanguage":"de"},{"@type":"Organization","@id":"https:\/\/papamigliore.it\/stay\/#organization","name":"centralstay","url":"https:\/\/papamigliore.it\/stay\/","logo":{"@type":"ImageObject","inLanguage":"de","@id":"https:\/\/papamigliore.it\/stay\/#\/schema\/logo\/image\/","url":"https:\/\/papamigliore.it\/stay\/wp-content\/uploads\/2025\/04\/centralstay-logo-small.svg","contentUrl":"https:\/\/papamigliore.it\/stay\/wp-content\/uploads\/2025\/04\/centralstay-logo-small.svg","width":77,"height":15,"caption":"centralstay"},"image":{"@id":"https:\/\/papamigliore.it\/stay\/#\/schema\/logo\/image\/"}}]}},"_links":{"self":[{"href":"https:\/\/papamigliore.it\/stay\/wp-json\/wp\/v2\/pages\/19292","targetHints":{"allow":["GET"]}}],"collection":[{"href":"https:\/\/papamigliore.it\/stay\/wp-json\/wp\/v2\/pages"}],"about":[{"href":"https:\/\/papamigliore.it\/stay\/wp-json\/wp\/v2\/types\/page"}],"author":[{"embeddable":true,"href":"https:\/\/papamigliore.it\/stay\/wp-json\/wp\/v2\/users\/1"}],"replies":[{"embeddable":true,"href":"https:\/\/papamigliore.it\/stay\/wp-json\/wp\/v2\/comments?post=19292"}],"version-history":[{"count":4,"href":"https:\/\/papamigliore.it\/stay\/wp-json\/wp\/v2\/pages\/19292\/revisions"}],"predecessor-version":[{"id":19300,"href":"https:\/\/papamigliore.it\/stay\/wp-json\/wp\/v2\/pages\/19292\/revisions\/19300"}],"wp:featuredmedia":[{"embeddable":true,"href":"https:\/\/papamigliore.it\/stay\/wp-json\/wp\/v2\/media\/19294"}],"wp:attachment":[{"href":"https:\/\/papamigliore.it\/stay\/wp-json\/wp\/v2\/media?parent=19292"}],"curies":[{"name":"wp","href":"https:\/\/api.w.org\/{rel}","templated":true}]}}